{"id":712,"date":"2018-09-09T15:35:30","date_gmt":"2018-09-09T15:35:30","guid":{"rendered":"https:\/\/www.alphamedis.be\/sondage-intermittent\/"},"modified":"2019-06-27T10:37:09","modified_gmt":"2019-06-27T10:37:09","slug":"intermitterende-katheterisatie","status":"publish","type":"page","link":"https:\/\/alphamedis.be\/nl\/intermitterende-katheterisatie\/","title":{"rendered":"Intermitterende katheterisatie"},"content":{"rendered":"<p>[vc_row][vc_column][vc_row_inner el_id=&#8221;materiel-pour-sondage-intermittent&#8221;][vc_column_inner width=&#8221;1\/6&#8243;][\/vc_column_inner][vc_column_inner width=&#8221;2\/3&#8243;]<div class=\"fancy_heading fancy_heading_line\"><h2 class=\"title\">Intermitterende katheterisatieapparatuur<\/h2><\/div>\n[vc_column_text css_animation=&#8221;fadeInDown&#8221;]<\/p>\n<p style=\"text-align: center;\">Alphamedis SA werkt samen met de grootste producenten van sondes om u een ruime keuze te bieden. Het kiezen van de juiste bemonsteringsapparatuur is essentieel voor het behoud van een optimaal wooncomfort.<br \/>\nWij werken met merken :<\/p>\n<p>[\/vc_column_text][\/vc_column_inner][vc_column_inner width=&#8221;1\/6&#8243;][\/vc_column_inner][\/vc_row_inner][vc_row_inner el_class=&#8221;conteneur-colonnes animation&#8221;][vc_column_inner width=&#8221;1\/6&#8243;][vc_single_image image=&#8221;187&#8243; img_size=&#8221;full&#8221; alignment=&#8221;center&#8221; css=&#8221;.vc_custom_1536509153270{margin-bottom: 0px !important;padding-bottom: 0px !important;}&#8221;][vc_column_text]<\/p>\n<p style=\"text-align: center;\"><strong>BBRAUN : <\/strong>Actreen, \u2026<\/p>\n<p>[\/vc_column_text][\/vc_column_inner][vc_column_inner width=&#8221;1\/6&#8243;][vc_single_image image=&#8221;187&#8243; img_size=&#8221;full&#8221; alignment=&#8221;center&#8221; css=&#8221;.vc_custom_1536509153270{margin-bottom: 0px !important;padding-bottom: 0px !important;}&#8221;][vc_column_text]<\/p>\n<p style=\"text-align: center;\"><strong>COLOPLAST : <\/strong>Speedycath, Eve, \u2026<\/p>\n<p>[\/vc_column_text][\/vc_column_inner][vc_column_inner width=&#8221;1\/6&#8243;][vc_single_image image=&#8221;187&#8243; img_size=&#8221;full&#8221; alignment=&#8221;center&#8221; css=&#8221;.vc_custom_1536509153270{margin-bottom: 0px !important;padding-bottom: 0px !important;}&#8221;][vc_column_text]<\/p>\n<p style=\"text-align: center;\"><strong>HOLLISTER : <\/strong>Vapro, \u2026<\/p>\n<p>[\/vc_column_text][\/vc_column_inner][vc_column_inner width=&#8221;1\/6&#8243;][vc_single_image image=&#8221;187&#8243; img_size=&#8221;full&#8221; alignment=&#8221;center&#8221; css=&#8221;.vc_custom_1536509153270{margin-bottom: 0px !important;padding-bottom: 0px !important;}&#8221;][vc_column_text]<\/p>\n<p style=\"text-align: center;\"><strong>TELEFLEX : <\/strong>Rushcare, &#8230;<\/p>\n<p>[\/vc_column_text][\/vc_column_inner][vc_column_inner width=&#8221;1\/6&#8243;][vc_single_image image=&#8221;187&#8243; img_size=&#8221;full&#8221; alignment=&#8221;center&#8221; css=&#8221;.vc_custom_1536509153270{margin-bottom: 0px !important;padding-bottom: 0px !important;}&#8221;][vc_column_text]<\/p>\n<p style=\"text-align: center;\"><strong>WELLSPECT : <\/strong>Lofric, \u2026<\/p>\n<p>[\/vc_column_text][\/vc_column_inner][vc_column_inner el_class=&#8221;colonne-6&#8243; width=&#8221;1\/6&#8243;][\/vc_column_inner][\/vc_row_inner][\/vc_column][\/vc_row][vc_row full_width=&#8221;stretch_row&#8221; css=&#8221;.vc_custom_1536509042401{margin-bottom: 3% !important;padding-top: 5% !important;padding-bottom: 5% !important;background-image: url(https:\/\/www.alphamedis.be\/wp-content\/uploads\/2018\/09\/almedis-bg-3.jpg?id=299) !important;background-position: center !important;background-repeat: no-repeat !important;background-size: cover !important;}&#8221;][vc_column width=&#8221;1\/2&#8243;][vc_column_text css_animation=&#8221;fadeInLeft&#8221;]<\/p>\n<h3 style=\"font-weight: 900; color: #fff; padding: 0 0 0 20px; border-left: 4px solid #fff;\">Alm\u00e9dis biedt een<br \/>\nreeks sondes aan :<\/h3>\n<p>[\/vc_column_text][vc_column_text css_animation=&#8221;fadeInLeft&#8221;]<\/p>\n<ul class=\"myul\" style=\"color: #fff;\">\n<li>Voor kinderen, vrouwen en mannen<\/li>\n<li>Gebruiksklare gesmeerde sondes<\/li>\n<li>Verschillende scharnieren (diameters) en lengtes<\/li>\n<li>Sondes met rechte of kruk uiteinden<\/li>\n<\/ul>\n<p>[\/vc_column_text][\/vc_column][vc_column width=&#8221;1\/2&#8243;][vc_single_image image=&#8221;307&#8243; img_size=&#8221;full&#8221; alignment=&#8221;center&#8221; css_animation=&#8221;fadeInRight&#8221; css=&#8221;.vc_custom_1536526831549{margin-bottom: 0px !important;padding-bottom: 0px !important;}&#8221;][vc_column_text css_animation=&#8221;fadeInRight&#8221;]<\/p>\n<p style=\"text-align: center; color: #fff;\"><em>Wij zijn hier om u alle nodige uitleg te geven en u te helpen met uw sondeprocedures.<\/em><\/p>\n<p>[\/vc_column_text][\/vc_column][\/vc_row][vc_row full_width=&#8221;stretch_row&#8221; css=&#8221;.vc_custom_1536503758003{margin-top: 120px !important;background: #ffffff url(https:\/\/www.alphamedis.be\/wp-content\/uploads\/2018\/09\/bg-almedis-liege.png?id=190) !important;background-position: center !important;background-repeat: no-repeat !important;background-size: cover !important;}&#8221; el_class=&#8221;myrow&#8221;][vc_column el_class=&#8221;section-padding&#8221; css=&#8221;.vc_custom_1536426348085{padding-bottom: 20px !important;}&#8221;][vc_row_inner el_class=&#8221;amedis&#8221; el_id=&#8221;a-propos-du-sondage-intermittent&#8221;][vc_column_inner el_class=&#8221;myrowtop&#8221; width=&#8221;1\/2&#8243; css=&#8221;.vc_custom_1536425924905{margin-top: -140px !important;}&#8221;][vc_single_image image=&#8221;354&#8243; img_size=&#8221;full&#8221; alignment=&#8221;center&#8221; css=&#8221;.vc_custom_1536527139968{margin-bottom: 0px !important;padding-bottom: 0px !important;}&#8221;][\/vc_column_inner][vc_column_inner width=&#8221;1\/2&#8243; css=&#8221;.vc_custom_1536509096567{padding-top: 10px !important;padding-left: 60px !important;}&#8221;][vc_column_text css_animation=&#8221;flipInX&#8221;]<\/p>\n<h3>Over intermitterende katheterisatie<\/h3>\n<p>Intermitterend zelfonderzoek is het regelmatig legen van de urine met behulp van een katheter die de pati\u00ebnt zelf in de plasbuis inbrengt. Hij verwijdert het dan. Het gebruik van de katheter is ge\u00efndiceerd wanneer de blaas de urine niet meer kan evacueren of voor onge\u00ebvenaarde incontinentie.<\/p>\n<p>Zelfonderzoek wordt over het algemeen 4 tot 5 keer per dag gedaan.[\/vc_column_text][\/vc_column_inner][\/vc_row_inner][\/vc_column][\/vc_row][vc_row el_id=&#8221;questions-frequentes&#8221;][vc_column]<div class=\"fancy_heading fancy_heading_line\"><h2 class=\"title\">Hoe bereidt u zich voor op intermitterende katheterisatie?<\/h2><\/div>\n[vc_column_text css_animation=&#8221;fadeInDown&#8221;]<\/p>\n<p style=\"text-align: center;\">Hier zijn de belangrijkste elementen om te beginnen :<\/p>\n<p>[\/vc_column_text][\/vc_column][\/vc_row][vc_row css=&#8221;.vc_custom_1536526657906{margin-bottom: 50px !important;padding-top: 50px !important;padding-right: 20px !important;padding-bottom: 50px !important;padding-left: 20px !important;background-image: url(https:\/\/www.alphamedis.be\/wp-content\/uploads\/2018\/09\/photo-parallax-almedis.jpg?id=174) !important;background-position: center !important;background-repeat: no-repeat !important;background-size: cover !important;}&#8221;][vc_column css=&#8221;.vc_custom_1525967468524{background-color: #f8f8f8 !important;}&#8221;][vc_tta_accordion active_section=&#8221;0&#8243;][vc_tta_section title=&#8221;De juiste sonde&#8221; tab_id=&#8221;1&#8243;][vc_column_text]<\/p>\n<p style=\"text-align: justify;\">-&gt; Veiligheid<\/p>\n<p style=\"text-align: justify;\">-&gt; Discreet<\/p>\n<p style=\"text-align: justify;\">-&gt; Gemakkelijk te gebruiken vanaf de eerste keer<\/p>\n<p style=\"text-align: justify;\">-&gt; Discrete &#8220;niet-medische&#8221; verpakking die visueel en bruikbaar is om de sonde weg te gooien.<\/p>\n<p>[\/vc_column_text][\/vc_tta_section][vc_tta_section title=&#8221;Informatie en ondersteuning&#8221; tab_id=&#8221;2&#8243;][vc_column_text]N. B. Hoe kunnen wij u van dienst zijn ?<\/p>\n<p>Om de informatie minder pijnlijk te maken en de gebruikers vertrouwen te geven.[\/vc_column_text][\/vc_tta_section][vc_tta_section title=&#8221;De toepassing van de urinekalender&#8221; tab_id=&#8221;3&#8243;][vc_column_text]Wij zijn ervan overtuigd dat een plasbuis gerespecteerd moet worden. Het onderzoek is vaak een langdurige behandeling en kan levenslang zijn. We zullen er dus voor moeten zorgen dat de sondes ervoor zorgen dat uw urinebuis in goede gezondheid wordt gehouden.<\/p>\n<p>WAARSCHUWING : Complicaties (licht trauma) verschijnen niet direct.[\/vc_column_text][\/vc_tta_section][\/vc_tta_accordion][\/vc_column][\/vc_row]<\/p>\n","protected":false},"excerpt":{"rendered":"<p>[vc_row][vc_column][vc_row_inner el_id=&#8221;materiel-pour-sondage-intermittent&#8221;][vc_column_inner width=&#8221;1\/6&#8243;][\/vc_column_inner][vc_column_inner width=&#8221;2\/3&#8243;][vc_column_text css_animation=&#8221;fadeInDown&#8221;] Alphamedis SA werkt samen met de grootste producenten van sondes om u een ruime keuze te bieden. Het kiezen van de<span class=\"excerpt-hellip\"> [\u2026]<\/span><\/p>\n","protected":false},"author":2,"featured_media":0,"parent":0,"menu_order":0,"comment_status":"closed","ping_status":"closed","template":"","meta":{"_exactmetrics_skip_tracking":false,"_exactmetrics_sitenote_active":false,"_exactmetrics_sitenote_note":"","_exactmetrics_sitenote_category":0,"footnotes":""},"class_list":["post-712","page","type-page","status-publish","hentry"],"yoast_head":"<!-- This site is optimized with the Yoast SEO plugin v25.6 - https:\/\/yoast.com\/wordpress\/plugins\/seo\/ -->\n<title>Kwaliteitsapparatuur voor uw intermitterende peilingen - Alphamedis SA<\/title>\n<meta name=\"description\" content=\"Alphamedis SA werkt samen met de grootste sondefabrikanten om u een ruime keuze aan apparatuur voor uw intermitterende katheterisatie te bieden.\" \/>\n<meta name=\"robots\" content=\"index, follow, max-snippet:-1, max-image-preview:large, max-video-preview:-1\" \/>\n<link rel=\"canonical\" href=\"https:\/\/alphamedis.be\/nl\/intermitterende-katheterisatie\/\" \/>\n<meta property=\"og:locale\" content=\"nl_NL\" \/>\n<meta property=\"og:type\" content=\"article\" \/>\n<meta property=\"og:title\" content=\"Kwaliteitsapparatuur voor uw intermitterende peilingen - Alphamedis SA\" \/>\n<meta property=\"og:description\" content=\"Alphamedis SA werkt samen met de grootste sondefabrikanten om u een ruime keuze aan apparatuur voor uw intermitterende katheterisatie te bieden.\" \/>\n<meta property=\"og:url\" content=\"https:\/\/alphamedis.be\/nl\/intermitterende-katheterisatie\/\" \/>\n<meta property=\"og:site_name\" content=\"Alphamedis\" \/>\n<meta property=\"article:modified_time\" content=\"2019-06-27T10:37:09+00:00\" \/>\n<meta property=\"og:image\" content=\"https:\/\/alphamedis.be\/wp-content\/uploads\/2020\/11\/logo-alphamedis.png\" \/>\n\t<meta property=\"og:image:width\" content=\"390\" \/>\n\t<meta property=\"og:image:height\" content=\"270\" \/>\n\t<meta property=\"og:image:type\" content=\"image\/png\" \/>\n<meta name=\"twitter:card\" content=\"summary_large_image\" \/>\n<meta name=\"twitter:label1\" content=\"Geschatte leestijd\" \/>\n\t<meta name=\"twitter:data1\" content=\"4 minuten\" \/>\n<script type=\"application\/ld+json\" class=\"yoast-schema-graph\">{\"@context\":\"https:\/\/schema.org\",\"@graph\":[{\"@type\":\"WebPage\",\"@id\":\"https:\/\/alphamedis.be\/nl\/intermitterende-katheterisatie\/\",\"url\":\"https:\/\/alphamedis.be\/nl\/intermitterende-katheterisatie\/\",\"name\":\"Kwaliteitsapparatuur voor uw intermitterende peilingen - Alphamedis SA\",\"isPartOf\":{\"@id\":\"https:\/\/alphamedis.be\/#website\"},\"datePublished\":\"2018-09-09T15:35:30+00:00\",\"dateModified\":\"2019-06-27T10:37:09+00:00\",\"description\":\"Alphamedis SA werkt samen met de grootste sondefabrikanten om u een ruime keuze aan apparatuur voor uw intermitterende katheterisatie te bieden.\",\"breadcrumb\":{\"@id\":\"https:\/\/alphamedis.be\/nl\/intermitterende-katheterisatie\/#breadcrumb\"},\"inLanguage\":\"nl-NL\",\"potentialAction\":[{\"@type\":\"ReadAction\",\"target\":[\"https:\/\/alphamedis.be\/nl\/intermitterende-katheterisatie\/\"]}]},{\"@type\":\"BreadcrumbList\",\"@id\":\"https:\/\/alphamedis.be\/nl\/intermitterende-katheterisatie\/#breadcrumb\",\"itemListElement\":[{\"@type\":\"ListItem\",\"position\":1,\"name\":\"Accueil\",\"item\":\"https:\/\/alphamedis.be\/nl\/\"},{\"@type\":\"ListItem\",\"position\":2,\"name\":\"Intermitterende katheterisatie\"}]},{\"@type\":\"WebSite\",\"@id\":\"https:\/\/alphamedis.be\/#website\",\"url\":\"https:\/\/alphamedis.be\/\",\"name\":\"Alphamedis\",\"description\":\"\",\"publisher\":{\"@id\":\"https:\/\/alphamedis.be\/#organization\"},\"potentialAction\":[{\"@type\":\"SearchAction\",\"target\":{\"@type\":\"EntryPoint\",\"urlTemplate\":\"https:\/\/alphamedis.be\/?s={search_term_string}\"},\"query-input\":{\"@type\":\"PropertyValueSpecification\",\"valueRequired\":true,\"valueName\":\"search_term_string\"}}],\"inLanguage\":\"nl-NL\"},{\"@type\":\"Organization\",\"@id\":\"https:\/\/alphamedis.be\/#organization\",\"name\":\"Alphamedis\",\"url\":\"https:\/\/alphamedis.be\/\",\"logo\":{\"@type\":\"ImageObject\",\"inLanguage\":\"nl-NL\",\"@id\":\"https:\/\/alphamedis.be\/#\/schema\/logo\/image\/\",\"url\":\"https:\/\/alphamedis.be\/wp-content\/uploads\/2020\/11\/logo-alphamedis.png\",\"contentUrl\":\"https:\/\/alphamedis.be\/wp-content\/uploads\/2020\/11\/logo-alphamedis.png\",\"width\":390,\"height\":270,\"caption\":\"Alphamedis\"},\"image\":{\"@id\":\"https:\/\/alphamedis.be\/#\/schema\/logo\/image\/\"}}]}<\/script>\n<!-- \/ Yoast SEO plugin. -->","yoast_head_json":{"title":"Kwaliteitsapparatuur voor uw intermitterende peilingen - Alphamedis SA","description":"Alphamedis SA werkt samen met de grootste sondefabrikanten om u een ruime keuze aan apparatuur voor uw intermitterende katheterisatie te bieden.","robots":{"index":"index","follow":"follow","max-snippet":"max-snippet:-1","max-image-preview":"max-image-preview:large","max-video-preview":"max-video-preview:-1"},"canonical":"https:\/\/alphamedis.be\/nl\/intermitterende-katheterisatie\/","og_locale":"nl_NL","og_type":"article","og_title":"Kwaliteitsapparatuur voor uw intermitterende peilingen - Alphamedis SA","og_description":"Alphamedis SA werkt samen met de grootste sondefabrikanten om u een ruime keuze aan apparatuur voor uw intermitterende katheterisatie te bieden.","og_url":"https:\/\/alphamedis.be\/nl\/intermitterende-katheterisatie\/","og_site_name":"Alphamedis","article_modified_time":"2019-06-27T10:37:09+00:00","og_image":[{"width":390,"height":270,"url":"https:\/\/alphamedis.be\/wp-content\/uploads\/2020\/11\/logo-alphamedis.png","type":"image\/png"}],"twitter_card":"summary_large_image","twitter_misc":{"Geschatte leestijd":"4 minuten"},"schema":{"@context":"https:\/\/schema.org","@graph":[{"@type":"WebPage","@id":"https:\/\/alphamedis.be\/nl\/intermitterende-katheterisatie\/","url":"https:\/\/alphamedis.be\/nl\/intermitterende-katheterisatie\/","name":"Kwaliteitsapparatuur voor uw intermitterende peilingen - Alphamedis SA","isPartOf":{"@id":"https:\/\/alphamedis.be\/#website"},"datePublished":"2018-09-09T15:35:30+00:00","dateModified":"2019-06-27T10:37:09+00:00","description":"Alphamedis SA werkt samen met de grootste sondefabrikanten om u een ruime keuze aan apparatuur voor uw intermitterende katheterisatie te bieden.","breadcrumb":{"@id":"https:\/\/alphamedis.be\/nl\/intermitterende-katheterisatie\/#breadcrumb"},"inLanguage":"nl-NL","potentialAction":[{"@type":"ReadAction","target":["https:\/\/alphamedis.be\/nl\/intermitterende-katheterisatie\/"]}]},{"@type":"BreadcrumbList","@id":"https:\/\/alphamedis.be\/nl\/intermitterende-katheterisatie\/#breadcrumb","itemListElement":[{"@type":"ListItem","position":1,"name":"Accueil","item":"https:\/\/alphamedis.be\/nl\/"},{"@type":"ListItem","position":2,"name":"Intermitterende katheterisatie"}]},{"@type":"WebSite","@id":"https:\/\/alphamedis.be\/#website","url":"https:\/\/alphamedis.be\/","name":"Alphamedis","description":"","publisher":{"@id":"https:\/\/alphamedis.be\/#organization"},"potentialAction":[{"@type":"SearchAction","target":{"@type":"EntryPoint","urlTemplate":"https:\/\/alphamedis.be\/?s={search_term_string}"},"query-input":{"@type":"PropertyValueSpecification","valueRequired":true,"valueName":"search_term_string"}}],"inLanguage":"nl-NL"},{"@type":"Organization","@id":"https:\/\/alphamedis.be\/#organization","name":"Alphamedis","url":"https:\/\/alphamedis.be\/","logo":{"@type":"ImageObject","inLanguage":"nl-NL","@id":"https:\/\/alphamedis.be\/#\/schema\/logo\/image\/","url":"https:\/\/alphamedis.be\/wp-content\/uploads\/2020\/11\/logo-alphamedis.png","contentUrl":"https:\/\/alphamedis.be\/wp-content\/uploads\/2020\/11\/logo-alphamedis.png","width":390,"height":270,"caption":"Alphamedis"},"image":{"@id":"https:\/\/alphamedis.be\/#\/schema\/logo\/image\/"}}]}},"_links":{"self":[{"href":"https:\/\/alphamedis.be\/nl\/wp-json\/wp\/v2\/pages\/712"}],"collection":[{"href":"https:\/\/alphamedis.be\/nl\/wp-json\/wp\/v2\/pages"}],"about":[{"href":"https:\/\/alphamedis.be\/nl\/wp-json\/wp\/v2\/types\/page"}],"author":[{"embeddable":true,"href":"https:\/\/alphamedis.be\/nl\/wp-json\/wp\/v2\/users\/2"}],"replies":[{"embeddable":true,"href":"https:\/\/alphamedis.be\/nl\/wp-json\/wp\/v2\/comments?post=712"}],"version-history":[{"count":3,"href":"https:\/\/alphamedis.be\/nl\/wp-json\/wp\/v2\/pages\/712\/revisions"}],"predecessor-version":[{"id":815,"href":"https:\/\/alphamedis.be\/nl\/wp-json\/wp\/v2\/pages\/712\/revisions\/815"}],"wp:attachment":[{"href":"https:\/\/alphamedis.be\/nl\/wp-json\/wp\/v2\/media?parent=712"}],"curies":[{"name":"wp","href":"https:\/\/api.w.org\/{rel}","templated":true}]}}